{"id":4353,"date":"2025-11-25T04:53:39","date_gmt":"2025-11-25T04:53:39","guid":{"rendered":"https:\/\/onmictlan.com\/?page_id=4353"},"modified":"2025-11-25T04:53:43","modified_gmt":"2025-11-25T04:53:43","slug":"faqs","status":"publish","type":"page","link":"https:\/\/onmictlan.com\/es\/faqs\/","title":{"rendered":"FAQs"},"content":{"rendered":"<div class=\"wp-block-greenshift-blocks-row alignfull gspb_row gspb_row-id-gsbp-b4a30c0 gspb_rowu002du002dgutter-custom-0 gspb_row--gutter-custom-0\" id=\"gspb_row-id-gsbp-b4a30c0\"><div class=\"gspb_row__content\">  <\/div><\/div>\n\n\n\n<div class=\"wp-block-greenshift-blocks-row alignfull gspb_row gspb_row-id-gsbp-bc71db7 gspb_row--gutter-custom-0\" id=\"gspb_row-id-gsbp-bc71db7\"><div class=\"gspb_row__content\"> \n<div class=\"wp-block-greenshift-blocks-row-column gspb_row__col--6 gspb_col-id-gsbp-825a7a0\" id=\"gspb_col-id-gsbp-825a7a0\">\n<h2 id=\"gspb_heading-id-gsbp-396d71d\" class=\"gspb_heading gspb_heading-id-gsbp-396d71d\">Preguntas y Respuestas Frecuentes<\/h2>\n\n\n\n<div class=\"wp-block-greenshift-blocks-container gspb_container gspb_container-gsbp-6d82170\" id=\"gspb_container-id-gsbp-6d82170\"><\/div>\n\n\n\n<div class=\"wp-block-greenshift-blocks-image gspb_image gspb_image-id-gsbp-becd63a\" id=\"gspb_image-id-gsbp-becd63a\"><img loading=\"lazy\" decoding=\"async\" src=\"https:\/\/onmictlan.com\/wp-content\/uploads\/2025\/09\/DTF.webp\" data-src=\"\" alt=\"\" width=\"1250\" height=\"1250\"\/><\/div>\n<\/div>\n\n\n\n<div class=\"wp-block-greenshift-blocks-row-column gspb_row__col--6 gspb_col-id-gsbp-133f39e\" id=\"gspb_col-id-gsbp-133f39e\">\n<div class=\"wp-block-greenshift-blocks-accordion gs-accordion gspb_accordion-id-gsbp-62135f7e-4651 togglelogic\" id=\"gspb_accordion-id-gsbp-62135f7e-4651\" >\n<div class=\"wp-block-greenshift-blocks-accordionitem gs-accordion-item gspb_accordionitem-gsbp-717a8d86-ef51 gsopen\" id=\"gspb_accordionitem-gsbp-717a8d86-ef51\" itemscope><div id=\"gs-trigger-gsbp-62135f7e-4651-0\" class=\"gs-accordion-item__title\" aria-expanded=\"true\" role=\"button\" tabindex=\"0\" aria-controls=\"gspb-accordion-item-content-gsbp-717a8d86-ef51\"><h3 class=\"gs-accordion-item__heading\">\u00bfQu\u00e9 es Onmictlan\u2122?<\/h3><span class=\"iconfortoggle\"><span class=\"gs-iconbefore\"><\/span><span class=\"gs-iconafter\"><\/span><\/span><\/div><div aria-labelledby=\"gs-trigger-gsbp-62135f7e-4651-0\" class=\"gs-accordion-item__content\" itemscope id=\"gspb-accordion-item-content-gsbp-717a8d86-ef51\" aria-hidden=\"false\"><div class=\"gs-accordion-item__text\">\n<div id=\"gspb_text-id-gsbp-983bac60-c1d3\" class=\"gspb_text gspb_text-id-gsbp-983bac60-c1d3\">Onmictlan\u2122 es un estudio de entretenimiento creativo dedicado a construir universos originales a trav\u00e9s de c\u00f3mics, ilustraciones, animaciones y experiencias digitales. Nuestra misi\u00f3n es crear historias inmersivas inspiradas en mitos, fantas\u00eda e imaginaci\u00f3n para una audiencia global.<\/div>\n<\/div><\/div><\/div>\n\n\n\n<div class=\"wp-block-greenshift-blocks-accordionitem gs-accordion-item gspb_accordionitem-gsbp-00d2f9a4-d355 gsclose\" id=\"gspb_accordionitem-gsbp-00d2f9a4-d355\" itemscope><div id=\"gs-trigger-gsbp-62135f7e-4651-1\" class=\"gs-accordion-item__title\" aria-expanded=\"false\" role=\"button\" tabindex=\"0\" aria-controls=\"gspb-accordion-item-content-gsbp-00d2f9a4-d355\"><h3 class=\"gs-accordion-item__heading\">\u00bfQu\u00e9 tipo de contenido crea Onmictlan\u2122?<\/h3><span class=\"iconfortoggle\"><span class=\"gs-iconbefore\"><\/span><span class=\"gs-iconafter\"><\/span><\/span><\/div><div aria-labelledby=\"gs-trigger-gsbp-62135f7e-4651-1\" class=\"gs-accordion-item__content\" itemscope id=\"gspb-accordion-item-content-gsbp-00d2f9a4-d355\" aria-hidden=\"true\"><div class=\"gs-accordion-item__text\">\n<div id=\"gspb_text-id-gsbp-947ae179-9acc\" class=\"gspb_text gspb_text-id-gsbp-947ae179-9acc\">Desarrollamos mundos narrativos expresados mediante novelas gr\u00e1ficas, dise\u00f1o de personajes, arte conceptual, coleccionables digitales, mercanc\u00eda y proyectos multimedia. Cada creaci\u00f3n pertenece a un ecosistema creciente de lore interconectado.<\/div>\n<\/div><\/div><\/div>\n\n\n\n<div class=\"wp-block-greenshift-blocks-accordionitem gs-accordion-item gspb_accordionitem-gsbp-4e60d56 gsclose\" id=\"gspb_accordionitem-gsbp-4e60d56\" itemscope><div id=\"gs-trigger-gsbp-62135f7e-4651-2\" class=\"gs-accordion-item__title\" aria-expanded=\"false\" role=\"button\" tabindex=\"0\" aria-controls=\"gspb-accordion-item-content-gsbp-4e60d56\"><h3 class=\"gs-accordion-item__heading\">What is <em>\u00bfQu\u00e9 es Cinco Soles\u2122?<\/em>?<\/h3><span class=\"iconfortoggle\"><span class=\"gs-iconbefore\"><\/span><span class=\"gs-iconafter\"><\/span><\/span><\/div><div aria-labelledby=\"gs-trigger-gsbp-62135f7e-4651-2\" class=\"gs-accordion-item__content\" itemscope id=\"gspb-accordion-item-content-gsbp-4e60d56\" aria-hidden=\"true\"><div class=\"gs-accordion-item__text\">\n<div id=\"gspb_text-id-gsbp-4883b87\" class=\"gspb_text gspb_text-id-gsbp-4883b87\">Cinco Soles\u2122 es nuestro universo mitol\u00f3gico insignia inspirado en deidades antiguas, ciclos c\u00f3smicos y renacimiento. Incluye novelas gr\u00e1ficas, contenido de construcci\u00f3n de mundos, obras de arte y lanzamientos especiales que revelan la historia pieza por pieza.<\/div>\n<\/div><\/div><\/div>\n\n\n\n<div class=\"wp-block-greenshift-blocks-accordionitem gs-accordion-item gspb_accordionitem-gsbp-c2a33c1 gsclose\" id=\"gspb_accordionitem-gsbp-c2a33c1\" itemscope><div id=\"gs-trigger-gsbp-62135f7e-4651-3\" class=\"gs-accordion-item__title\" aria-expanded=\"false\" role=\"button\" tabindex=\"0\" aria-controls=\"gspb-accordion-item-content-gsbp-c2a33c1\"><h3 class=\"gs-accordion-item__heading\">\u00bfC\u00f3mo puedo mantenerme actualizado sobre nuevos lanzamientos y contenido exclusivo?<\/h3><span class=\"iconfortoggle\"><span class=\"gs-iconbefore\"><\/span><span class=\"gs-iconafter\"><\/span><\/span><\/div><div aria-labelledby=\"gs-trigger-gsbp-62135f7e-4651-3\" class=\"gs-accordion-item__content\" itemscope id=\"gspb-accordion-item-content-gsbp-c2a33c1\" aria-hidden=\"true\"><div class=\"gs-accordion-item__text\">\n<div id=\"gspb_text-id-gsbp-9f15613\" class=\"gspb_text gspb_text-id-gsbp-9f15613\">Puedes suscribirte a la lista de correo oficial de Onmictlan\u2122 para recibir acceso anticipado, obsequios digitales, adelantos, contenido detr\u00e1s de escena y anuncios importantes sobre proyectos futuros.<\/div>\n<\/div><\/div><\/div>\n\n\n\n<div class=\"wp-block-greenshift-blocks-accordionitem gs-accordion-item gspb_accordionitem-gsbp-b27be70 gsclose\" id=\"gspb_accordionitem-gsbp-b27be70\" itemscope><div id=\"gs-trigger-gsbp-62135f7e-4651-4\" class=\"gs-accordion-item__title\" aria-expanded=\"false\" role=\"button\" tabindex=\"0\" aria-controls=\"gspb-accordion-item-content-gsbp-b27be70\"><h3 class=\"gs-accordion-item__heading\">\u00bfHacen env\u00edos internacionales de productos?<\/h3><span class=\"iconfortoggle\"><span class=\"gs-iconbefore\"><\/span><span class=\"gs-iconafter\"><\/span><\/span><\/div><div aria-labelledby=\"gs-trigger-gsbp-62135f7e-4651-4\" class=\"gs-accordion-item__content\" itemscope id=\"gspb-accordion-item-content-gsbp-b27be70\" aria-hidden=\"true\"><div class=\"gs-accordion-item__text\">\n<div id=\"gspb_text-id-gsbp-9d3f0c2\" class=\"gspb_text gspb_text-id-gsbp-9d3f0c2\">S\u00ed. Onmictlan\u2122 ofrece env\u00edos a todo el mundo de mercanc\u00eda oficial, impresiones y coleccionables. Los costos y tiempos de entrega var\u00edan seg\u00fan la regi\u00f3n.<\/div>\n<\/div><\/div><\/div>\n\n\n\n<div class=\"wp-block-greenshift-blocks-accordionitem gs-accordion-item gspb_accordionitem-gsbp-33b3db6 gsclose\" id=\"gspb_accordionitem-gsbp-33b3db6\" itemscope><div id=\"gs-trigger-gsbp-62135f7e-4651-5\" class=\"gs-accordion-item__title\" aria-expanded=\"false\" role=\"button\" tabindex=\"0\" aria-controls=\"gspb-accordion-item-content-gsbp-33b3db6\"><h3 class=\"gs-accordion-item__heading\">\u00bfLos universos de Onmictlan\u2122 son aptos para todo p\u00fablico?<\/h3><span class=\"iconfortoggle\"><span class=\"gs-iconbefore\"><\/span><span class=\"gs-iconafter\"><\/span><\/span><\/div><div aria-labelledby=\"gs-trigger-gsbp-62135f7e-4651-5\" class=\"gs-accordion-item__content\" itemscope id=\"gspb-accordion-item-content-gsbp-33b3db6\" aria-hidden=\"true\"><div class=\"gs-accordion-item__text\">\n<div id=\"gspb_text-id-gsbp-6a51767\" class=\"gspb_text gspb_text-id-gsbp-6a51767\">Nuestros proyectos van desde contenido apto para adolescentes hasta narrativas maduras y m\u00e1s complejas. Cada lanzamiento incluye notas de contenido apropiadas para que la audiencia sepa qu\u00e9 esperar.<\/div>\n<\/div><\/div><\/div>\n\n\n\n<div class=\"wp-block-greenshift-blocks-accordionitem gs-accordion-item gspb_accordionitem-gsbp-5626ae0 gsclose\" id=\"gspb_accordionitem-gsbp-5626ae0\" itemscope><div id=\"gs-trigger-gsbp-62135f7e-4651-6\" class=\"gs-accordion-item__title\" aria-expanded=\"false\" role=\"button\" tabindex=\"0\" aria-controls=\"gspb-accordion-item-content-gsbp-5626ae0\"><h3 class=\"gs-accordion-item__heading\">\u00bfLos artistas o colaboradores pueden trabajar con Onmictlan\u2122?<\/h3><span class=\"iconfortoggle\"><span class=\"gs-iconbefore\"><\/span><span class=\"gs-iconafter\"><\/span><\/span><\/div><div aria-labelledby=\"gs-trigger-gsbp-62135f7e-4651-6\" class=\"gs-accordion-item__content\" itemscope id=\"gspb-accordion-item-content-gsbp-5626ae0\" aria-hidden=\"true\"><div class=\"gs-accordion-item__text\">\n<div id=\"gspb_text-id-gsbp-149325a\" class=\"gspb_text gspb_text-id-gsbp-149325a\">Ocasionalmente abrimos oportunidades para artistas, escritores y colaboradores creativos. Sigue nuestras redes sociales y bolet\u00edn para anuncios oficiales.<\/div>\n<\/div><\/div><\/div>\n\n\n\n<div class=\"wp-block-greenshift-blocks-accordionitem gs-accordion-item gspb_accordionitem-gsbp-f00b9cf gsclose\" id=\"gspb_accordionitem-gsbp-f00b9cf\" itemscope><div id=\"gs-trigger-gsbp-62135f7e-4651-7\" class=\"gs-accordion-item__title\" aria-expanded=\"false\" role=\"button\" tabindex=\"0\" aria-controls=\"gspb-accordion-item-content-gsbp-f00b9cf\"><h3 class=\"gs-accordion-item__heading\">\u00bfLas historias y personajes son originales?<\/h3><span class=\"iconfortoggle\"><span class=\"gs-iconbefore\"><\/span><span class=\"gs-iconafter\"><\/span><\/span><\/div><div aria-labelledby=\"gs-trigger-gsbp-62135f7e-4651-7\" class=\"gs-accordion-item__content\" itemscope id=\"gspb-accordion-item-content-gsbp-f00b9cf\" aria-hidden=\"true\"><div class=\"gs-accordion-item__text\">\n<div id=\"gspb_text-id-gsbp-ce6e98e\" class=\"gspb_text gspb_text-id-gsbp-ce6e98e\">Absolutamente. Todos los universos, personajes, dise\u00f1os y narrativas son propiedad intelectual original creada y desarrollada por Onmictlan\u2122.<\/div>\n<\/div><\/div><\/div>\n\n\n\n<div class=\"wp-block-greenshift-blocks-accordionitem gs-accordion-item gspb_accordionitem-gsbp-f23eac2 gsclose\" id=\"gspb_accordionitem-gsbp-f23eac2\" itemscope><div id=\"gs-trigger-gsbp-62135f7e-4651-8\" class=\"gs-accordion-item__title\" aria-expanded=\"false\" role=\"button\" tabindex=\"0\" aria-controls=\"gspb-accordion-item-content-gsbp-f23eac2\"><h3 class=\"gs-accordion-item__heading\">\u00bfD\u00f3nde puedo seguir a Onmictlan\u2122?<\/h3><span class=\"iconfortoggle\"><span class=\"gs-iconbefore\"><\/span><span class=\"gs-iconafter\"><\/span><\/span><\/div><div aria-labelledby=\"gs-trigger-gsbp-62135f7e-4651-8\" class=\"gs-accordion-item__content\" itemscope id=\"gspb-accordion-item-content-gsbp-f23eac2\" aria-hidden=\"true\"><div class=\"gs-accordion-item__text\">\n<div id=\"gspb_text-id-gsbp-75d823c\" class=\"gspb_text gspb_text-id-gsbp-75d823c\">Puedes encontrarnos en nuestro sitio web oficial y en plataformas de redes sociales, donde compartimos noticias, arte, videos de procesos, lanzamientos y actualizaciones de la comunidad.<\/div>\n<\/div><\/div><\/div>\n\n\n\n<div class=\"wp-block-greenshift-blocks-accordionitem gs-accordion-item gspb_accordionitem-gsbp-15f416f gsclose\" id=\"gspb_accordionitem-gsbp-15f416f\" itemscope><div id=\"gs-trigger-gsbp-62135f7e-4651-9\" class=\"gs-accordion-item__title\" aria-expanded=\"false\" role=\"button\" tabindex=\"0\" aria-controls=\"gspb-accordion-item-content-gsbp-15f416f\"><h3 class=\"gs-accordion-item__heading\">\u00bfC\u00f3mo puedo apoyar el proyecto?<\/h3><span class=\"iconfortoggle\"><span class=\"gs-iconbefore\"><\/span><span class=\"gs-iconafter\"><\/span><\/span><\/div><div aria-labelledby=\"gs-trigger-gsbp-62135f7e-4651-9\" class=\"gs-accordion-item__content\" itemscope id=\"gspb-accordion-item-content-gsbp-15f416f\" aria-hidden=\"true\"><div class=\"gs-accordion-item__text\">\n<div id=\"gspb_text-id-gsbp-e8a0ec2\" class=\"gspb_text gspb_text-id-gsbp-e8a0ec2\">Puedes apoyar a Onmictlan\u2122 suscribi\u00e9ndote al bolet\u00edn, compartiendo nuestro trabajo, comprando productos oficiales y participando con nuestro contenido en las distintas plataformas.<\/div>\n<\/div><\/div><\/div>\n<\/div>\n<\/div>\n <\/div><\/div>","protected":false},"excerpt":{"rendered":"","protected":false},"author":1,"featured_media":0,"parent":0,"menu_order":0,"comment_status":"closed","ping_status":"closed","template":"","meta":{"_acf_changed":false,"give_campaign_id":0,"_gspb_post_css":"#gspb_row-id-gsbp-b4a30c0{justify-content:space-between;margin-top:0;margin-bottom:0;display:flex;flex-wrap:wrap;padding-top:280px;padding-bottom:300px}#gspb_row-id-gsbp-b4a30c0>.gspb_row__content{display:flex;justify-content:space-between;margin:0 auto;width:100%;flex-wrap:wrap}.gspb_row{position:relative}div[id^=gspb_col-id]{box-sizing:border-box;position:relative;padding:var(--gs-row-column-padding, 15px min(3vw, 20px))}@media (max-width:991.98px){#gspb_row-id-gsbp-b4a30c0{padding-top:220px;padding-bottom:280px}}@media (max-width:575.98px){#gspb_row-id-gsbp-b4a30c0{padding-top:200px;padding-bottom:260px}}#gspb_row-id-gsbp-b4a30c0{background-size:contain;background-repeat:no-repeat;background-position:77% 49%;background-image:url(https:\/\/onmictlan.com\/wp-content\/uploads\/2025\/09\/FAQ-scaled.webp);background-attachment:fixed}#gspb_row-id-gsbp-b4a30c0:hover{background-size:contain}#gspb_row-id-gsbp-bc71db7{justify-content:space-between;margin-top:0;margin-bottom:0;display:flex;flex-wrap:wrap;padding-top:120px;padding-bottom:80px}#gspb_row-id-gsbp-bc71db7>.gspb_row__content{display:flex;justify-content:space-between;margin:0 auto;width:100%;flex-wrap:wrap}@media (max-width:575.98px){#gspb_row-id-gsbp-bc71db7>.gspb_row__content{row-gap:50px}}body.gspb-bodyfront #gspb_row-id-gsbp-b4a30c0>.gspb_row__content,body.gspb-bodyfront #gspb_row-id-gsbp-bc71db7>.gspb_row__content{width:var(--theme-container-width, 1200px);max-width:var(--theme-normal-container-max-width, 1200px)}@media (max-width:991.98px){#gspb_row-id-gsbp-bc71db7{padding-top:80px}}@media (max-width:575.98px){#gspb_row-id-gsbp-bc71db7{padding-top:60px;padding-bottom:60px}body #gspb_row-id-gsbp-bc71db7{display:none!important}}#gspb_col-id-gsbp-825a7a0.gspb_row__col--6{width:calc(50% - 25px)}@media (max-width:991.98px){#gspb_col-id-gsbp-825a7a0.gspb_row__col--6{width:calc(50% - 25px)}}@media (max-width:767.98px){#gspb_col-id-gsbp-825a7a0.gspb_row__col--6{width:calc(50% - 25px)}}@media (max-width:575.98px){#gspb_col-id-gsbp-825a7a0.gspb_row__col--6{width:100%}}@media (max-width:991.98px){#gspb_heading-id-gsbp-396d71d{font-size:30px}}@media (max-width:575.98px){#gspb_heading-id-gsbp-396d71d{font-size:25px;text-align:center!important}#gspb_heading-id-gsbp-396d71d .gsap-g-line{text-align:center!important}}#gspb_heading-id-gsbp-396d71d{color:var(--wp--preset--color--palette-color-4, var(--theme-palette-color-4, #040404));margin-top:0;margin-bottom:50px;max-width:500px}.gspb_container-id-gsbp-6d82170{flex-direction:column;box-sizing:border-box}#gspb_container-id-gsbp-6d82170.gspb_container>p:last-of-type{margin-bottom:0}#gspb_container-id-gsbp-6d82170.gspb_container{position:relative;display:flex;column-gap:25px;margin-bottom:30px}#gspb_col-id-gsbp-133f39e.gspb_row__col--6{width:calc(50% - 25px)}@media (max-width:991.98px){#gspb_col-id-gsbp-133f39e.gspb_row__col--6{width:calc(50% - 25px)}}@media (max-width:767.98px){#gspb_col-id-gsbp-133f39e.gspb_row__col--6{width:calc(50% - 25px)}}@media (max-width:575.98px){#gspb_col-id-gsbp-133f39e.gspb_row__col--6{width:100%}}#gspb_image-id-gsbp-becd63a img{vertical-align:top;display:inline-block;box-sizing:border-box;max-width:100%;height:auto}#gspb_accordion-id-gsbp-62135f7e-4651 .gs-accordion-item__content{background-color:#f2f4f55c}#gspb_accordion-id-gsbp-62135f7e-4651 .gs-accordion-item__title{background-color:var(--wp--preset--color--palette-color-5, var(--theme-palette-color-5, #3e3939));border-top-left-radius:15px;border-top-right-radius:0;border-bottom-right-radius:0;border-bottom-left-radius:0;border-color:#00000000}#gspb_accordion-id-gsbp-62135f7e-4651 .gs-accordion-item__title:hover{background-color:var(--wp--preset--color--palette-color-6, var(--theme-palette-color-6, #F4F5F6))!important}#gspb_accordion-id-gsbp-62135f7e-4651 .gs-accordion-item__title>*{color:var(--wp--preset--color--palette-color-4, var(--theme-palette-color-4, #040404));font-size:18px;font-weight:600!important}#gspb_accordion-id-gsbp-62135f7e-4651 span.iconfortoggle .gs-iconafter,#gspb_accordion-id-gsbp-62135f7e-4651 span.iconfortoggle .gs-iconbefore{background-color:var(--wp--preset--color--palette-color-4, var(--theme-palette-color-4, #040404))}#gspb_accordion-id-gsbp-62135f7e-4651 .gsopen .gs-accordion-item__title>*{color:var(--wp--preset--color--palette-color-1, var(--theme-palette-color-1, #c69b36))}#gspb_accordion-id-gsbp-62135f7e-4651 .gsopen span.iconfortoggle .gs-iconafter,#gspb_accordion-id-gsbp-62135f7e-4651 .gsopen span.iconfortoggle .gs-iconbefore{background-color:var(--wp--preset--color--palette-color-1, var(--theme-palette-color-1, #c69b36))}#gspb_accordion-id-gsbp-62135f7e-4651 .gs-accordion-item__content{border-top-left-radius:0;border-top-right-radius:0;border-bottom-right-radius:15px;border-bottom-left-radius:15px;border-color:#00000000}.gs-accordion .gs-accordion-item.gsclose .gs-accordion-item__content{opacity:0;overflow:hidden}.gs-accordion .gs-accordion-item.gsopen .gs-accordion-item__content{opacity:1;max-height:5000px}.gs-accordion .gs-accordion-item__heading{outline:0;text-decoration:none;font-weight:400;font-size:15px;line-height:21px;margin:0!important;padding:15px 40px 15px 15px;flex-grow:1}.gs-accordion .gs-accordion-item__title{z-index:1;display:block;margin:0;border:1px solid #ddd;cursor:pointer;transition:all .3s ease-in-out;position:relative;display:flex;justify-content:space-between;align-items:center}.gs-accordion .gs-accordion-item__title span.iconfortoggle{margin:0 15px;display:block;height:14px;width:14px;position:relative}.gs-accordion .gs-accordion-item__content{z-index:0;position:relative;border:1px solid #ddd;border-top:none;background:#fff;max-height:0;will-change:max-height;transition:all .25s ease-out;font-size:16px;font-weight:400;line-height:1.75}#gspb_accordion-id-gsbp-62135f7e-4651 .gs-accordion-item .gs-accordion-item__title span.iconfortoggle{margin-right:25px}#gspb_accordion-id-gsbp-62135f7e-4651 .gs-accordion-item{margin-bottom:15px}#gspb_accordion-id-gsbp-62135f7e-4651 .gs-accordion-item__heading{padding:20px 25px}#gspb_accordion-id-gsbp-62135f7e-4651 .gs-accordion-item__content>.gs-accordion-item__text{padding:10px 25px 25px}#gspb_accordion-id-gsbp-62135f7e-4651 .gs-accordion-item>.gs-accordion-item__title span.iconfortoggle{display:inline-block;height:14px;width:14px;position:relative}.gs-accordion .gs-accordion-item.gsopen .gs-accordion-item__title .gs-iconafter{transform:rotate(0)}.gs-accordion .gs-accordion-item__title span.iconfortoggle .gs-iconafter,.gs-accordion .gs-accordion-item__title span.iconfortoggle .gs-iconbefore{content:'';width:14px;height:2px;border-radius:2px;background-color:#111;position:absolute;top:6px;left:0}.gs-accordion .gs-accordion-item__title span.iconfortoggle .gs-iconafter{transform:rotate(90deg);transition:all .3s ease-in-out}body #gspb_accordionitem-gsbp-00d2f9a4-d355.gs-accordion-item .gs-accordion-item__title,body #gspb_accordionitem-gsbp-15f416f.gs-accordion-item .gs-accordion-item__title,body #gspb_accordionitem-gsbp-33b3db6.gs-accordion-item .gs-accordion-item__title,body #gspb_accordionitem-gsbp-4e60d56.gs-accordion-item .gs-accordion-item__title,body #gspb_accordionitem-gsbp-5626ae0.gs-accordion-item .gs-accordion-item__title,body #gspb_accordionitem-gsbp-717a8d86-ef51.gs-accordion-item .gs-accordion-item__title,body #gspb_accordionitem-gsbp-b27be70.gs-accordion-item .gs-accordion-item__title,body #gspb_accordionitem-gsbp-c2a33c1.gs-accordion-item .gs-accordion-item__title,body #gspb_accordionitem-gsbp-f00b9cf.gs-accordion-item .gs-accordion-item__title,body #gspb_accordionitem-gsbp-f23eac2.gs-accordion-item .gs-accordion-item__title{background-color:#f2f4f55c}.gspb_text-id-gsbp-983bac60-c1d3{background-color:#330ea100}.gspb_text-id-gsbp-75d823c,.gspb_text-id-gsbp-ce6e98e,.gspb_text-id-gsbp-e8a0ec2{margin-bottom:0!important}","_crdt_document":"","_surecart_dashboard_logo_width":"180px","_surecart_dashboard_show_logo":true,"_surecart_dashboard_navigation_orders":true,"_surecart_dashboard_navigation_invoices":true,"_surecart_dashboard_navigation_subscriptions":true,"_surecart_dashboard_navigation_downloads":true,"_surecart_dashboard_navigation_billing":true,"_surecart_dashboard_navigation_account":true,"_uag_custom_page_level_css":"","footnotes":""},"class_list":["post-4353","page","type-page","status-publish","hentry"],"blocksy_meta":{"has_hero_section":"disabled","vertical_spacing_source":"custom","content_area_spacing":"none","styles_descriptor":{"styles":{"desktop":"","tablet":"","mobile":""},"google_fonts":[],"version":6}},"acf":[],"featured_image_src":null,"campaignId":"","uagb_featured_image_src":{"full":false,"thumbnail":false,"medium":false,"medium_large":false,"large":false,"1536x1536":false,"2048x2048":false,"trp-custom-language-flag":false,"woocommerce_archive_thumbnail":false,"woocommerce_thumbnail":false,"woocommerce_single":false,"woocommerce_gallery_thumbnail":false},"uagb_author_info":{"display_name":"Onmictlan\u2122","author_link":"https:\/\/onmictlan.com\/es\/author\/onmictlanoutlook-com\/"},"uagb_comment_info":0,"uagb_excerpt":null,"_links":{"self":[{"href":"https:\/\/onmictlan.com\/es\/wp-json\/wp\/v2\/pages\/4353","targetHints":{"allow":["GET"]}}],"collection":[{"href":"https:\/\/onmictlan.com\/es\/wp-json\/wp\/v2\/pages"}],"about":[{"href":"https:\/\/onmictlan.com\/es\/wp-json\/wp\/v2\/types\/page"}],"author":[{"embeddable":true,"href":"https:\/\/onmictlan.com\/es\/wp-json\/wp\/v2\/users\/1"}],"replies":[{"embeddable":true,"href":"https:\/\/onmictlan.com\/es\/wp-json\/wp\/v2\/comments?post=4353"}],"version-history":[{"count":2,"href":"https:\/\/onmictlan.com\/es\/wp-json\/wp\/v2\/pages\/4353\/revisions"}],"predecessor-version":[{"id":4356,"href":"https:\/\/onmictlan.com\/es\/wp-json\/wp\/v2\/pages\/4353\/revisions\/4356"}],"wp:attachment":[{"href":"https:\/\/onmictlan.com\/es\/wp-json\/wp\/v2\/media?parent=4353"}],"curies":[{"name":"wp","href":"https:\/\/api.w.org\/{rel}","templated":true}]}}