{"id":4213,"date":"2025-11-23T19:08:56","date_gmt":"2025-11-23T19:08:56","guid":{"rendered":"https:\/\/onmictlan.com\/?page_id=4213"},"modified":"2025-12-07T17:31:41","modified_gmt":"2025-12-07T17:31:41","slug":"support","status":"publish","type":"page","link":"https:\/\/onmictlan.com\/es\/support\/","title":{"rendered":"SUPPORT"},"content":{"rendered":"<div class=\"wp-block-greenshift-blocks-row alignfull gspb_row gspb_row-id-gsbp-63c4275 gspb_row--gutter-custom-0\" id=\"gspb_row-id-gsbp-63c4275\" data-aos=\"fade\" data-aos-easing=\"ease\" data-aos-duration=\"800\"><div class=\"gspb_container__videoContainer\"><div class=\"gspb_videowrapper\"><video id=\"background-video-gsbp-63c4275\" playsinline muted loop autoplay><source src=\"https:\/\/onmictlan.com\/wp-content\/uploads\/2025\/09\/Onmictlan\u2122Logo.mp4\" type=\"video\/mp4\"\/><\/video><\/div><\/div><div class=\"gspb_row__content\"> \n<div class=\"wp-block-greenshift-blocks-row-column gspb_row__col--6 gspb_row__col--md-4 gspb_col-id-gsbp-0bd0b7f\" id=\"gspb_col-id-gsbp-0bd0b7f\"><\/div>\n\n\n\n<div class=\"wp-block-greenshift-blocks-row-column gspb_row__col--6 gspb_row__col--md-8 gspb_col-id-gsbp-62b7962\" id=\"gspb_col-id-gsbp-62b7962\">\n<div class=\"wp-block-greenshift-blocks-container gspb_container gspb_container-gsbp-e37aaa3\" id=\"gspb_container-id-gsbp-e37aaa3\">\n<div id=\"gspb_text-id-gsbp-bd230d0\" class=\"gspb_text gspb_text-id-gsbp-bd230d0\"><em><strong>Escucha el Pulso del Multiverso<\/strong><br>Desde mitos antiguos hasta nuevos mundos: sigue las historias que dan forma al coraz\u00f3n de Onmictlan\u2122.<\/em><\/div>\n<\/div>\n<\/div>\n <\/div><\/div>\n\n\n\n<div class=\"wp-block-greenshift-blocks-container gspb_container gspb_container-gsbp-f87d7613-0aca\" id=\"gspb_container-id-gsbp-f87d7613-0aca\">\n<div class=\"wp-block-greenshift-blocks-accordion gs-accordion gspb_accordion-id-gsbp-62135f7e-4651 togglelogic\" id=\"gspb_accordion-id-gsbp-62135f7e-4651\" >\n<div class=\"wp-block-greenshift-blocks-accordionitem gs-accordion-item gspb_accordionitem-gsbp-717a8d86-ef51 gsopen\" id=\"gspb_accordionitem-gsbp-717a8d86-ef51\" itemscope><div id=\"gs-trigger-gsbp-62135f7e-4651-0\" class=\"gs-accordion-item__title\" aria-expanded=\"true\" role=\"button\" tabindex=\"0\" aria-controls=\"gspb-accordion-item-content-gsbp-717a8d86-ef51\"><h3 class=\"gs-accordion-item__heading\"><strong>Impulsa el nacimiento de un nuevo universo<\/strong><\/h3><span class=\"iconfortoggle\"><span class=\"gs-iconbefore\"><\/span><span class=\"gs-iconafter\"><\/span><\/span><\/div><div aria-labelledby=\"gs-trigger-gsbp-62135f7e-4651-0\" class=\"gs-accordion-item__content\" itemscope id=\"gspb-accordion-item-content-gsbp-717a8d86-ef51\" aria-hidden=\"false\"><div class=\"gs-accordion-item__text\">\n<div id=\"gspb_text-id-gsbp-983bac60-c1d3\" class=\"gspb_text gspb_text-id-gsbp-983bac60-c1d3\">Your support powers the creation of <em>Cinco Soles<\/em>Tu apoyo potencia la creaci\u00f3n de Cinco Soles: un mundo construido sobre mitolog\u00eda, arte, narrativa \u00e9pica y visi\u00f3n independiente.<\/div>\n<\/div><\/div><\/div>\n\n\n\n<div class=\"wp-block-greenshift-blocks-accordionitem gs-accordion-item gspb_accordionitem-gsbp-00d2f9a4-d355 gsclose\" id=\"gspb_accordionitem-gsbp-00d2f9a4-d355\" itemscope><div id=\"gs-trigger-gsbp-62135f7e-4651-1\" class=\"gs-accordion-item__title\" aria-expanded=\"false\" role=\"button\" tabindex=\"0\" aria-controls=\"gspb-accordion-item-content-gsbp-00d2f9a4-d355\"><h3 class=\"gs-accordion-item__heading\"><strong>Tu donaci\u00f3n realmente importa<\/strong><\/h3><span class=\"iconfortoggle\"><span class=\"gs-iconbefore\"><\/span><span class=\"gs-iconafter\"><\/span><\/span><\/div><div aria-labelledby=\"gs-trigger-gsbp-62135f7e-4651-1\" class=\"gs-accordion-item__content\" itemscope id=\"gspb-accordion-item-content-gsbp-00d2f9a4-d355\" aria-hidden=\"true\"><div class=\"gs-accordion-item__text\">\n<div id=\"gspb_text-id-gsbp-947ae179-9acc\" class=\"gspb_text gspb_text-id-gsbp-947ae179-9acc\">En Onmictlan\u2122, cada contribuci\u00f3n fortalece el proceso creativo: ilustraciones, cap\u00edtulos, lore expandido, producci\u00f3n editorial y nuevo contenido que da vida al ascenso del \u00daltimo Dios.<\/div>\n<\/div><\/div><\/div>\n\n\n\n<div class=\"wp-block-greenshift-blocks-accordionitem gs-accordion-item gspb_accordionitem-gsbp-4e60d56 gsclose\" id=\"gspb_accordionitem-gsbp-4e60d56\" itemscope><div id=\"gs-trigger-gsbp-62135f7e-4651-2\" class=\"gs-accordion-item__title\" aria-expanded=\"false\" role=\"button\" tabindex=\"0\" aria-controls=\"gspb-accordion-item-content-gsbp-4e60d56\"><h3 class=\"gs-accordion-item__heading\"><strong>Tu aporte mantiene este mundo vivo<\/strong><\/h3><span class=\"iconfortoggle\"><span class=\"gs-iconbefore\"><\/span><span class=\"gs-iconafter\"><\/span><\/span><\/div><div aria-labelledby=\"gs-trigger-gsbp-62135f7e-4651-2\" class=\"gs-accordion-item__content\" itemscope id=\"gspb-accordion-item-content-gsbp-4e60d56\" aria-hidden=\"true\"><div class=\"gs-accordion-item__text\">\n<div id=\"gspb_text-id-gsbp-4883b87\" class=\"gspb_text gspb_text-id-gsbp-4883b87\">Cada donaci\u00f3n, grande o peque\u00f1a, sostiene la libertad creativa que define a Onmictlan\u2122 y acerca este universo a lectores de todo el mundo.<\/div>\n<\/div><\/div><\/div>\n<\/div>\n<\/div>\n\n\n\n<h3 class=\"wp-block-heading\" id=\"thank-you-for-becoming-part-of-the-fifth-sun\"><strong>Gracias por ser parte del Quinto Sol <\/strong>Fifth Sun<\/h3>\n\n\n\n<p class=\"wp-block-paragraph\">Tu apoyo ayuda a dar existencia a un nuevo mundo.<\/p>\n\n\n\n<div style=\"height:100px\" aria-hidden=\"true\" class=\"wp-block-spacer\"><\/div>\n\n\n<div class='root-data-givewp-embed' data-form-locale='es_MX' data-form-url='https:\/\/onmictlan.com\/?post_type=give_forms&#038;p=2896' data-form-view-url='https:\/\/onmictlan.com\/es\/?givewp-route=donation-form-view&#038;form-id=2896' data-src='https:\/\/onmictlan.com\/es\/?givewp-route=donation-form-view&#038;form-id=2896' data-givewp-embed-id='give-form-shortcode-1' data-form-format='onpage' data-open-form-button='Donate now' style='--givewp-primary-color: #c69b36; --givewp-secondary-color: #1a2a33;'><\/div>\n\n\n<section class=\"wp-block-greenshift-blocks-row alignfull gspb_row gspb_row-id-gsbp-1806251\" id=\"gspb_row-id-gsbp-1806251\"><div class=\"gspb_backgroundOverlay\"><\/div><div class=\"gspb_row__content\"> \n<div class=\"wp-block-greenshift-blocks-row-column gspb_row__col--12 gspb_col-id-gsbp-5c63488\" id=\"gspb_col-id-gsbp-5c63488\">\n<div class=\"wp-block-greenshift-blocks-row gspb_row gspb_row-id-gsbp-b4ca5b9 gspb_row--gutter-custom-0\" id=\"gspb_row-id-gsbp-b4ca5b9\"><div class=\"gspb_row__content\"> \n<div class=\"wp-block-greenshift-blocks-row-column gspb_row__col--6 gspb_row__col--md-12 gspb_col-id-gsbp-5943d70\" id=\"gspb_col-id-gsbp-5943d70\">\n<h2 id=\"gspb_heading-id-gsbp-a35d21c\" class=\"gspb_heading gspb_heading-id-gsbp-a35d21c\">\u00bfQu\u00e9 hace posible tu apoyo?<\/h2>\n<\/div>\n\n\n\n<div class=\"wp-block-greenshift-blocks-row-column gspb_row__col--6 gspb_row__col--md-12 gspb_col-id-gsbp-a3e6ff8\" id=\"gspb_col-id-gsbp-a3e6ff8\">\n<div id=\"gspb_text-id-gsbp-61c2bdc\" class=\"gspb_text gspb_text-id-gsbp-61c2bdc\"><\/div>\n<\/div>\n <\/div><\/div>\n\n\n\n<div class=\"wp-block-greenshift-blocks-row gspb_row gspb_row-id-gsbp-e29d40c gspb_row--gutter-custom-0\" id=\"gspb_row-id-gsbp-e29d40c\"><div class=\"gspb_row__content\"> \n<div class=\"wp-block-greenshift-blocks-row-column gspb_row__col--4 gspb_row__col--md-6 gspb_col-id-gsbp-4031384\" id=\"gspb_col-id-gsbp-4031384\">\n<div id=\"gspb_text-id-gsbp-248024a\" class=\"gspb_text gspb_text-id-gsbp-248024a\"><strong>M\u00e1s arte y visuales exclusivos<\/strong>: escenas clave, conceptos, personajes y momentos definitorios del Quinto Sol.<\/div>\n<\/div>\n\n\n\n<div class=\"wp-block-greenshift-blocks-row-column gspb_row__col--4 gspb_row__col--md-6 gspb_col-id-gsbp-5d5d689\" id=\"gspb_col-id-gsbp-5d5d689\">\n<div id=\"gspb_text-id-gsbp-1b30085\" class=\"gspb_text gspb_text-id-gsbp-1b30085\"><strong>Expansi\u00f3n continua del universo<\/strong>: historia, worldbuilding, dioses y l\u00edneas temporales en constante evoluci\u00f3n.<\/div>\n<\/div>\n\n\n\n<div class=\"wp-block-greenshift-blocks-row-column gspb_row__col--4 gspb_row__col--md-12 gspb_col-id-gsbp-26ac155\" id=\"gspb_col-id-gsbp-26ac155\">\n<div id=\"gspb_text-id-gsbp-9445a92\" class=\"gspb_text gspb_text-id-gsbp-9445a92\"><strong>Producci\u00f3n completamente independiente<\/strong>: sin filtros, sin restricciones, solo creaci\u00f3n pura y aut\u00e9ntica.<\/div>\n<\/div>\n <\/div><\/div>\n<\/div>\n <\/div><\/section>","protected":false},"excerpt":{"rendered":"<p>Thank you for becoming part of the Fifth Sun Your support helps bring a new world into existence.<\/p>","protected":false},"author":1,"featured_media":0,"parent":0,"menu_order":0,"comment_status":"closed","ping_status":"closed","template":"","meta":{"_acf_changed":false,"give_campaign_id":0,"_gspb_post_css":"#gspb_col-id-gsbp-0bd0b7f.gspb_row__col--6{width:calc(50% - 25px)}@media (max-width:991.98px){#gspb_col-id-gsbp-0bd0b7f.gspb_row__col--6{width:calc(33.333333333333336% - 25px)}}@media (max-width:767.98px){#gspb_col-id-gsbp-0bd0b7f.gspb_row__col--6{width:calc(33.333333333333336% - 25px)}}@media (max-width:575.98px){#gspb_col-id-gsbp-0bd0b7f.gspb_row__col--6{width:100%}}#gspb_col-id-gsbp-62b7962.gspb_row__col--6{width:calc(50% - 25px)}@media (max-width:991.98px){#gspb_col-id-gsbp-62b7962.gspb_row__col--6{width:calc(66.66666666666667% - 25px)}}@media (max-width:767.98px){#gspb_col-id-gsbp-62b7962.gspb_row__col--6{width:calc(66.66666666666667% - 25px)}}@media (max-width:575.98px){#gspb_col-id-gsbp-62b7962.gspb_row__col--6{width:100%}}.gspb_container-id-gsbp-e37aaa3{flex-direction:column;box-sizing:border-box}#gspb_container-id-gsbp-e37aaa3.gspb_container>p:last-of-type,#gspb_container-id-gsbp-f87d7613-0aca.gspb_container>p:last-of-type{margin-bottom:0}#gspb_container-id-gsbp-e37aaa3.gspb_container{position:relative;display:flex;column-gap:25px}@media (max-width:575.98px){#gspb_container-id-gsbp-e37aaa3.gspb_container{flex-direction:column;row-gap:10px}}body.gspb-bodyfront #gspb_container-id-gsbp-e37aaa3.gspb_container{backdrop-filter:blur(15px);max-width:500px}#gspb_container-id-gsbp-e37aaa3.gspb_container{padding:20px;border-style:solid;border-width:1px;border-color:#ffffff1a;background-color:#ffffff0d}#gspb_container-id-gsbp-e37aaa3.gspb_container,#gspb_container-id-gsbp-e37aaa3.gspb_container>.gspb_backgroundOverlay{border-top-left-radius:15px;border-top-right-radius:15px;border-bottom-right-radius:15px;border-bottom-left-radius:15px}@media (max-width:991.98px){.gspb_text-id-gsbp-bd230d0{font-size:14px}}.gspb_text-id-gsbp-bd230d0,.gspb_text-id-gsbp-bd230d0 a{text-decoration:none}.gspb_text-id-gsbp-bd230d0{font-weight:500!important;color:var(--wp--preset--color--palette-color-8, var(--theme-palette-color-8, #ffffff))}.gspb_container-id-gsbp-f87d7613-0aca{flex-direction:column;box-sizing:border-box}#gspb_container-id-gsbp-f87d7613-0aca.gspb_container{position:relative;padding:60px 60px 50px}@media (max-width:991.98px){#gspb_container-id-gsbp-f87d7613-0aca.gspb_container{margin-bottom:80px;padding:30px}}#gspb_container-id-gsbp-f87d7613-0aca.gspb_container,#gspb_container-id-gsbp-f87d7613-0aca.gspb_container>.gspb_backgroundOverlay{border-top-left-radius:15px;border-top-right-radius:15px;border-bottom-right-radius:15px;border-bottom-left-radius:15px}#gspb_container-id-gsbp-f87d7613-0aca.gspb_container{background-color:#ffffff00}#gspb_accordion-id-gsbp-62135f7e-4651 .gs-accordion-item__content{background-color:#f2f4f55c}#gspb_accordion-id-gsbp-62135f7e-4651 .gs-accordion-item__title{background-color:var(--wp--preset--color--palette-color-5, var(--theme-palette-color-5, #3e3939));border-top-left-radius:15px;border-top-right-radius:0;border-bottom-right-radius:0;border-bottom-left-radius:0;border-color:#00000000}#gspb_accordion-id-gsbp-62135f7e-4651 .gs-accordion-item__title:hover{background-color:var(--wp--preset--color--palette-color-6, var(--theme-palette-color-6, #F4F5F6))!important}#gspb_accordion-id-gsbp-62135f7e-4651 .gs-accordion-item__title>*{color:var(--wp--preset--color--palette-color-4, var(--theme-palette-color-4, #040404));font-size:18px;font-weight:600!important}#gspb_accordion-id-gsbp-62135f7e-4651 span.iconfortoggle .gs-iconafter,#gspb_accordion-id-gsbp-62135f7e-4651 span.iconfortoggle .gs-iconbefore{background-color:var(--wp--preset--color--palette-color-4, var(--theme-palette-color-4, #040404))}#gspb_accordion-id-gsbp-62135f7e-4651 .gsopen .gs-accordion-item__title>*{color:var(--wp--preset--color--palette-color-1, var(--theme-palette-color-1, #c69b36))}#gspb_accordion-id-gsbp-62135f7e-4651 .gsopen span.iconfortoggle .gs-iconafter,#gspb_accordion-id-gsbp-62135f7e-4651 .gsopen span.iconfortoggle .gs-iconbefore{background-color:var(--wp--preset--color--palette-color-1, var(--theme-palette-color-1, #c69b36))}#gspb_accordion-id-gsbp-62135f7e-4651 .gs-accordion-item__content{border-top-left-radius:0;border-top-right-radius:0;border-bottom-right-radius:15px;border-bottom-left-radius:15px;border-color:#00000000}.gs-accordion .gs-accordion-item.gsclose .gs-accordion-item__content{opacity:0;overflow:hidden}.gs-accordion .gs-accordion-item.gsopen .gs-accordion-item__content{opacity:1;max-height:5000px}.gs-accordion .gs-accordion-item__heading{outline:0;text-decoration:none;font-weight:400;font-size:15px;line-height:21px;margin:0!important;padding:15px 40px 15px 15px;flex-grow:1}.gs-accordion .gs-accordion-item__title{z-index:1;display:block;margin:0;border:1px solid #ddd;cursor:pointer;transition:all .3s ease-in-out;position:relative;display:flex;justify-content:space-between;align-items:center}.gs-accordion .gs-accordion-item__title span.iconfortoggle{margin:0 15px;display:block;height:14px;width:14px;position:relative}.gs-accordion .gs-accordion-item__content{z-index:0;position:relative;border:1px solid #ddd;border-top:none;background:#fff;max-height:0;will-change:max-height;transition:all .25s ease-out;font-size:16px;font-weight:400;line-height:1.75}#gspb_accordion-id-gsbp-62135f7e-4651 .gs-accordion-item .gs-accordion-item__title span.iconfortoggle{margin-right:25px}#gspb_accordion-id-gsbp-62135f7e-4651 .gs-accordion-item{margin-bottom:15px}#gspb_accordion-id-gsbp-62135f7e-4651 .gs-accordion-item__heading{padding:20px 25px}#gspb_accordion-id-gsbp-62135f7e-4651 .gs-accordion-item__content>.gs-accordion-item__text{padding:10px 25px 25px}#gspb_accordion-id-gsbp-62135f7e-4651 .gs-accordion-item>.gs-accordion-item__title span.iconfortoggle{display:inline-block;height:14px;width:14px;position:relative}.gs-accordion .gs-accordion-item.gsopen .gs-accordion-item__title .gs-iconafter{transform:rotate(0)}.gs-accordion .gs-accordion-item__title span.iconfortoggle .gs-iconafter,.gs-accordion .gs-accordion-item__title span.iconfortoggle .gs-iconbefore{content:'';width:14px;height:2px;border-radius:2px;background-color:#111;position:absolute;top:6px;left:0}.gs-accordion .gs-accordion-item__title span.iconfortoggle .gs-iconafter{transform:rotate(90deg);transition:all .3s ease-in-out}body #gspb_accordionitem-gsbp-00d2f9a4-d355.gs-accordion-item .gs-accordion-item__title,body #gspb_accordionitem-gsbp-4e60d56.gs-accordion-item .gs-accordion-item__title,body #gspb_accordionitem-gsbp-717a8d86-ef51.gs-accordion-item .gs-accordion-item__title{background-color:#f2f4f55c}.gspb_text-id-gsbp-983bac60-c1d3{background-color:#330ea100}.gspb_text-id-gsbp-4883b87{margin-bottom:0!important}#gspb_row-id-gsbp-1806251{justify-content:space-between;margin-bottom:0;display:flex;flex-wrap:wrap;margin-top:100px;padding-top:120px;padding-bottom:120px}#gspb_row-id-gsbp-1806251>.gspb_row__content{display:flex;justify-content:space-between;margin:0 auto;width:100%;flex-wrap:wrap}div[id^=gspb_col-id]{box-sizing:border-box;position:relative;padding:var(--gs-row-column-padding, 15px min(3vw, 20px))}body.gspb-bodyfront #gspb_row-id-gsbp-1806251>.gspb_row__content{width:var(--theme-container-width, 1200px);max-width:var(--theme-normal-container-max-width, 1200px)}@media (max-width:991.98px){#gspb_row-id-gsbp-1806251{padding-top:80px;padding-bottom:80px}}@media (max-width:575.98px){#gspb_row-id-gsbp-1806251{padding-top:60px;padding-bottom:60px}}#gspb_row-id-gsbp-1806251{background-size:cover;background-repeat:no-repeat;background-position:52% 43%}@media (max-width:991.98px){#gspb_row-id-gsbp-1806251{background-position:50% 50%}}#gspb_row-id-gsbp-1806251{background-image:url(https:\/\/onmictlan.com\/wp-content\/uploads\/2025\/09\/0.webp);isolation:isolate}#gspb_row-id-gsbp-1806251:hover{background-size:cover}#gspb_row-id-gsbp-1806251>.gspb_backgroundOverlay{position:absolute;top:0;left:0;width:100%;height:100%;z-index:-1;background-image:linear-gradient(0deg,rgba(199,155,54,.59) 0,rgba(26,42,51,.63) 98%)}#gspb_col-id-gsbp-5c63488.gspb_row__col--12{width:100%}@media (max-width:575.98px){#gspb_col-id-gsbp-5c63488.gspb_row__col--12{width:100%}}#gspb_row-id-gsbp-b4ca5b9{justify-content:space-between;margin-top:0;display:flex;flex-wrap:wrap;align-content:center;margin-bottom:50px}#gspb_row-id-gsbp-b4ca5b9>.gspb_row__content{display:flex;justify-content:space-between;margin:0 auto;width:100%;flex-wrap:wrap}@media (max-width:991.98px){#gspb_row-id-gsbp-b4ca5b9>.gspb_row__content{row-gap:20px}}#gspb_row-id-gsbp-b4ca5b9>.gspb_row__content{align-items:center}#gspb_col-id-gsbp-5943d70.gspb_row__col--6{width:calc(50% - 25px)}@media (max-width:991.98px){#gspb_col-id-gsbp-5943d70.gspb_row__col--6{width:100%}}@media (max-width:767.98px){#gspb_col-id-gsbp-5943d70.gspb_row__col--6{width:calc(100% - 25px)}}@media (max-width:575.98px){#gspb_col-id-gsbp-5943d70.gspb_row__col--6{width:100%}}.gspb_row #gspb_col-id-gsbp-5943d70.gspb_row__col--6,.gspb_row #gspb_col-id-gsbp-a3e6ff8.gspb_row__col--6{padding:0}@media (max-width:991.98px){#gspb_heading-id-gsbp-a35d21c{font-size:30px}}@media (max-width:575.98px){#gspb_heading-id-gsbp-a35d21c{font-size:25px}}@media (max-width:991.98px){#gspb_heading-id-gsbp-a35d21c,#gspb_heading-id-gsbp-a35d21c .gsap-g-line{text-align:center!important}}@media (max-width:575.98px){#gspb_heading-id-gsbp-a35d21c,#gspb_heading-id-gsbp-a35d21c .gsap-g-line{text-align:center!important}}#gspb_heading-id-gsbp-a35d21c{color:var(--wp--preset--color--palette-color-8, var(--theme-palette-color-8, #ffffff));margin-top:0;margin-bottom:0}@media (max-width:575.98px){#gspb_heading-id-gsbp-a35d21c{margin-bottom:15px}}#gspb_col-id-gsbp-a3e6ff8.gspb_row__col--6{width:calc(50% - 25px)}@media (max-width:991.98px){#gspb_col-id-gsbp-a3e6ff8.gspb_row__col--6{width:100%}}@media (max-width:767.98px){#gspb_col-id-gsbp-a3e6ff8.gspb_row__col--6{width:calc(100% - 25px)}}@media (max-width:575.98px){#gspb_col-id-gsbp-a3e6ff8.gspb_row__col--6{width:100%}}body #gspb_col-id-gsbp-a3e6ff8.gspb_row__col--6{display:flex;flex-direction:column;align-items:flex-end}@media (max-width:991.98px){.gspb_text-id-gsbp-61c2bdc,.gspb_text-id-gsbp-61c2bdc .gsap-g-line{text-align:center!important}}.gspb_text-id-gsbp-61c2bdc{color:var(--wp--preset--color--palette-color-8, var(--theme-palette-color-8, #ffffff))}#gspb_row-id-gsbp-63c4275,#gspb_row-id-gsbp-e29d40c{justify-content:space-between;margin-top:0;display:flex;flex-wrap:wrap}#gspb_row-id-gsbp-e29d40c{margin-bottom:0}#gspb_row-id-gsbp-e29d40c>.gspb_row__content{display:flex;justify-content:space-between;margin:0 auto;width:100%;flex-wrap:wrap}@media (max-width:991.98px){#gspb_row-id-gsbp-e29d40c>.gspb_row__content{row-gap:30px}}body.gspb-bodyfront #gspb_row-id-gsbp-b4ca5b9>.gspb_row__content,body.gspb-bodyfront #gspb_row-id-gsbp-e29d40c>.gspb_row__content{width:var(--theme-container-width, 1200px);max-width:var(--theme-normal-container-max-width, 1200px)}#gspb_col-id-gsbp-4031384.gspb_row__col--4{width:calc(33.333333333333336% - 25px)}@media (max-width:991.98px){#gspb_col-id-gsbp-4031384.gspb_row__col--4{width:calc(50% - 15px)}}@media (max-width:767.98px){#gspb_col-id-gsbp-4031384.gspb_row__col--4{width:calc(50% - 15px)}}@media (max-width:575.98px){#gspb_col-id-gsbp-4031384.gspb_row__col--4{width:100%}}body.gspb-bodyfront #gspb_col-id-gsbp-26ac155.gspb_row__col--4,body.gspb-bodyfront #gspb_col-id-gsbp-4031384.gspb_row__col--4,body.gspb-bodyfront #gspb_col-id-gsbp-5d5d689.gspb_row__col--4{backdrop-filter:blur(15px)}.gspb_row #gspb_col-id-gsbp-4031384.gspb_row__col--4{padding:35px}@media (max-width:991.98px){.gspb_row #gspb_col-id-gsbp-4031384.gspb_row__col--4{padding:30px}}#gspb_col-id-gsbp-4031384.gspb_row__col--4{background-color:#ffffff0d;border-style:solid;border-width:1px;border-color:#ffffff1a}#gspb_col-id-gsbp-4031384.gspb_row__col--4,#gspb_col-id-gsbp-4031384.gspb_row__col--4>.gspb_backgroundOverlay{border-top-left-radius:20px;border-top-right-radius:20px;border-bottom-right-radius:20px;border-bottom-left-radius:20px}@media (max-width:991.98px){.gspb_text-id-gsbp-248024a,.gspb_text-id-gsbp-248024a .gsap-g-line{text-align:center!important}}.gspb_text-id-gsbp-248024a{color:var(--wp--preset--color--palette-color-8, var(--theme-palette-color-8, #ffffff));margin-top:0!important}#gspb_col-id-gsbp-5d5d689.gspb_row__col--4{width:calc(33.333333333333336% - 25px)}@media (max-width:991.98px){#gspb_col-id-gsbp-5d5d689.gspb_row__col--4{width:calc(50% - 15px)}}@media (max-width:767.98px){#gspb_col-id-gsbp-5d5d689.gspb_row__col--4{width:calc(50% - 15px)}}@media (max-width:575.98px){#gspb_col-id-gsbp-5d5d689.gspb_row__col--4{width:100%}}.gspb_row #gspb_col-id-gsbp-5d5d689.gspb_row__col--4{padding:35px}@media (max-width:991.98px){.gspb_row #gspb_col-id-gsbp-5d5d689.gspb_row__col--4{padding:30px}}#gspb_col-id-gsbp-5d5d689.gspb_row__col--4{background-color:#ffffff0d;border-style:solid;border-width:1px;border-color:#ffffff1a}#gspb_col-id-gsbp-5d5d689.gspb_row__col--4,#gspb_col-id-gsbp-5d5d689.gspb_row__col--4>.gspb_backgroundOverlay{border-top-left-radius:20px;border-top-right-radius:20px;border-bottom-right-radius:20px;border-bottom-left-radius:20px}@media (max-width:991.98px){.gspb_text-id-gsbp-1b30085,.gspb_text-id-gsbp-1b30085 .gsap-g-line{text-align:center!important}}.gspb_text-id-gsbp-1b30085{color:var(--wp--preset--color--palette-color-8, var(--theme-palette-color-8, #ffffff));margin-top:0!important}#gspb_col-id-gsbp-26ac155.gspb_row__col--4{width:calc(33.333333333333336% - 25px)}@media (max-width:991.98px){#gspb_col-id-gsbp-26ac155.gspb_row__col--4{width:100%}}@media (max-width:767.98px){#gspb_col-id-gsbp-26ac155.gspb_row__col--4{width:calc(100% - 15px)}}@media (max-width:575.98px){#gspb_col-id-gsbp-26ac155.gspb_row__col--4{width:100%}}.gspb_row #gspb_col-id-gsbp-26ac155.gspb_row__col--4{padding:35px}@media (max-width:991.98px){.gspb_row #gspb_col-id-gsbp-26ac155.gspb_row__col--4{padding:30px}}#gspb_col-id-gsbp-26ac155.gspb_row__col--4{background-color:#ffffff0d;border-style:solid;border-width:1px;border-color:#ffffff1a}#gspb_col-id-gsbp-26ac155.gspb_row__col--4,#gspb_col-id-gsbp-26ac155.gspb_row__col--4>.gspb_backgroundOverlay{border-top-left-radius:20px;border-top-right-radius:20px;border-bottom-right-radius:20px;border-bottom-left-radius:20px}@media (max-width:991.98px){.gspb_text-id-gsbp-9445a92,.gspb_text-id-gsbp-9445a92 .gsap-g-line{text-align:center!important}}.gspb_text-id-gsbp-9445a92{color:var(--wp--preset--color--palette-color-8, var(--theme-palette-color-8, #ffffff));margin-top:0!important}#gspb_row-id-gsbp-63c4275>.gspb_row__content{display:flex;justify-content:space-between;margin:0 auto;width:100%;flex-wrap:wrap;align-items:flex-end}.gspb_row{position:relative}body.gspb-bodyfront #gspb_row-id-gsbp-63c4275>.gspb_row__content{width:var(--theme-container-width, 1200px);max-width:var(--theme-normal-container-max-width, 1200px)}#gspb_row-id-gsbp-63c4275{align-content:flex-end;margin-bottom:120px;padding-top:120px;padding-bottom:70px}@media (max-width:991.98px){#gspb_row-id-gsbp-63c4275{margin-bottom:80px;padding-top:80px;padding-bottom:80px}}@media (max-width:575.98px){#gspb_row-id-gsbp-63c4275{margin-bottom:60px;padding-top:60px;padding-bottom:60px}}#gspb_row-id-gsbp-63c4275{min-height:650px}@media (max-width:991.98px){#gspb_row-id-gsbp-63c4275{min-height:600px}}#gspb_row-id-gsbp-63c4275{background-color:var(--wp--preset--color--palette-color-4, var(--theme-palette-color-4, #040404));transition-duration:.8s;transition-timing-function:var(--gs-root-animation-easing, cubic-bezier(0.42, 0, 0.58, 1));opacity:var(--gs-root-animation-opacity, 0);transition-property:opacity,transform,filter;isolation:isolate}#gspb_row-id-gsbp-63c4275.aos-animate,#gspb_row-id-gsbp-63c4275[data-gs-aos]{opacity:1;transform:translateZ(0)}#gspb_row-id-gsbp-63c4275 .gspb_container__videoContainer{height:100%;width:100%;top:0;left:0;position:absolute;overflow:hidden;z-index:-50}#gspb_row-id-gsbp-63c4275 .gspb_container__videoContainer img{display:block;z-index:20;cursor:pointer}#gspb_row-id-gsbp-63c4275 .gspb_container__videoContainer img,#gspb_row-id-gsbp-63c4275 .gspb_videowrapper iframe,#gspb_row-id-gsbp-63c4275 .gspb_videowrapper video{left:0;top:0;height:100%;width:100%;position:absolute;object-fit:cover}","_crdt_document":"","_surecart_dashboard_logo_width":"180px","_surecart_dashboard_show_logo":true,"_surecart_dashboard_navigation_orders":true,"_surecart_dashboard_navigation_invoices":true,"_surecart_dashboard_navigation_subscriptions":true,"_surecart_dashboard_navigation_downloads":true,"_surecart_dashboard_navigation_billing":true,"_surecart_dashboard_navigation_account":true,"_uag_custom_page_level_css":"","footnotes":""},"class_list":["post-4213","page","type-page","status-publish","hentry"],"blocksy_meta":{"has_hero_section":"disabled","vertical_spacing_source":"custom","content_area_spacing":"none","styles_descriptor":{"styles":{"desktop":"","tablet":"","mobile":""},"google_fonts":[],"version":6}},"acf":[],"featured_image_src":null,"campaignId":"","uagb_featured_image_src":{"full":false,"thumbnail":false,"medium":false,"medium_large":false,"large":false,"1536x1536":false,"2048x2048":false,"trp-custom-language-flag":false,"woocommerce_archive_thumbnail":false,"woocommerce_thumbnail":false,"woocommerce_single":false,"woocommerce_gallery_thumbnail":false},"uagb_author_info":{"display_name":"Onmictlan\u2122","author_link":"https:\/\/onmictlan.com\/es\/author\/onmictlanoutlook-com\/"},"uagb_comment_info":0,"uagb_excerpt":"Thank you for becoming part of the Fifth Sun Your support helps bring a new world into existence.","_links":{"self":[{"href":"https:\/\/onmictlan.com\/es\/wp-json\/wp\/v2\/pages\/4213","targetHints":{"allow":["GET"]}}],"collection":[{"href":"https:\/\/onmictlan.com\/es\/wp-json\/wp\/v2\/pages"}],"about":[{"href":"https:\/\/onmictlan.com\/es\/wp-json\/wp\/v2\/types\/page"}],"author":[{"embeddable":true,"href":"https:\/\/onmictlan.com\/es\/wp-json\/wp\/v2\/users\/1"}],"replies":[{"embeddable":true,"href":"https:\/\/onmictlan.com\/es\/wp-json\/wp\/v2\/comments?post=4213"}],"version-history":[{"count":9,"href":"https:\/\/onmictlan.com\/es\/wp-json\/wp\/v2\/pages\/4213\/revisions"}],"predecessor-version":[{"id":4501,"href":"https:\/\/onmictlan.com\/es\/wp-json\/wp\/v2\/pages\/4213\/revisions\/4501"}],"wp:attachment":[{"href":"https:\/\/onmictlan.com\/es\/wp-json\/wp\/v2\/media?parent=4213"}],"curies":[{"name":"wp","href":"https:\/\/api.w.org\/{rel}","templated":true}]}}